{"id":2205,"date":"2024-04-07T20:14:21","date_gmt":"2024-04-07T18:14:21","guid":{"rendered":"https:\/\/columbusprivate.ch\/o-nas\/"},"modified":"2024-12-09T20:22:32","modified_gmt":"2024-12-09T19:22:32","slug":"o-nas","status":"publish","type":"page","link":"https:\/\/columbusprivate.ch\/pl\/o-nas\/","title":{"rendered":"O nas"},"content":{"rendered":"<p>[et_pb_section fb_built=&#8221;1&#8243; fullwidth=&#8221;on&#8221; _builder_version=&#8221;4.22.2&#8243; _module_preset=&#8221;default&#8221; custom_margin=&#8221;-30px||||false|false&#8221; custom_margin_tablet=&#8221;-30px||||false|false&#8221; custom_margin_phone=&#8221;-106px||||false|false&#8221; custom_margin_last_edited=&#8221;on|phone&#8221; global_colors_info=&#8221;{}&#8221;][et_pb_fullwidth_slider show_pagination=&#8221;off&#8221; show_image_video_mobile=&#8221;on&#8221; use_bg_overlay=&#8221;off&#8221; _builder_version=&#8221;4.22.2&#8243; _module_preset=&#8221;default&#8221; custom_padding=&#8221;318px|||||&#8221; hover_transition_duration=&#8221;150ms&#8221; global_colors_info=&#8221;{}&#8221;][\/et_pb_fullwidth_slider][et_pb_fullwidth_slider show_pagination=&#8221;off&#8221; admin_label=&#8221;Fullwidth Slider&#8221; _builder_version=&#8221;4.22.2&#8243; _module_preset=&#8221;default&#8221; body_text_color=&#8221;#A5B4CE&#8221; z_index=&#8221;280&#8243; min_height=&#8221;657.5px&#8221; custom_padding=&#8221;|0px|0px|0px|false|false&#8221; filter_contrast=&#8221;98%&#8221; auto=&#8221;on&#8221; auto_speed=&#8221;2000&#8243; text_shadow_style=&#8221;preset2&#8243; text_shadow_horizontal_length=&#8221;0.27em&#8221; text_shadow_vertical_length=&#8221;0.27em&#8221; text_shadow_blur_strength=&#8221;0.41em&#8221; text_shadow_color=&#8221;rgba(0,0,0,0.59)&#8221; global_colors_info=&#8221;{}&#8221; filter_invert__hover_enabled=&#8221;off|desktop&#8221;][et_pb_slide use_text_overlay=&#8221;off&#8221; _builder_version=&#8221;4.22.2&#8243; _module_preset=&#8221;default&#8221; header_font=&#8221;||||||||&#8221; header_font_size=&#8221;48px&#8221; body_font=&#8221;Lato|300|||||||&#8221; body_text_color=&#8221;#FFFFFF&#8221; body_font_size=&#8221;38px&#8221; body_letter_spacing=&#8221;1px&#8221; body_line_height=&#8221;0.4em&#8221; background_enable_color=&#8221;off&#8221; background_image=&#8221;https:\/\/columbusprivate.ch\/wp-content\/uploads\/2024\/04\/poziom_viridian-scaled.jpg&#8221; background_enable_image=&#8221;on&#8221; filter_brightness=&#8221;113%&#8221; hover_transition_duration=&#8221;0ms&#8221; hover_transition_speed_curve=&#8221;linear&#8221; custom_css_before=&#8221;||&#8221; custom_css_slide_description=&#8221; animation: none !important;||    opacity: 1 !important;&#8221; body_text_shadow_style=&#8221;preset3&#8243; global_colors_info=&#8221;{}&#8221; sticky_transition=&#8221;on&#8221;]<\/p>\n<p style=\"text-align: center;\">O NAS<\/p>\n<p>[\/et_pb_slide][\/et_pb_fullwidth_slider][\/et_pb_section][et_pb_section fb_built=&#8221;1&#8243; _builder_version=&#8221;4.22.2&#8243; _module_preset=&#8221;default&#8221; background_color=&#8221;RGBA(255,255,255,0)&#8221; positioning=&#8221;fixed&#8221; position_origin_f=&#8221;top_right&#8221; z_index=&#8221;472&#8243; custom_margin=&#8221;|16px|||false|false&#8221; custom_padding=&#8221;17px||3px|||&#8221; locked=&#8221;off&#8221; global_colors_info=&#8221;{}&#8221;][et_pb_row _builder_version=&#8221;4.22.2&#8243; _module_preset=&#8221;default&#8221; locked=&#8221;off&#8221; global_colors_info=&#8221;{}&#8221;][et_pb_column type=&#8221;4_4&#8243; _builder_version=&#8221;4.22.2&#8243; _module_preset=&#8221;default&#8221; global_colors_info=&#8221;{}&#8221;][et_pb_image src=&#8221;https:\/\/columbusprivate.ch\/wp-content\/uploads\/2024\/04\/Logo_nobckg_white_full.png&#8221; title_text=&#8221;Logo_nobckg_white_full&#8221; url=&#8221;https:\/\/columbusprivate.ch\/pl\/&#8221; src_tablet=&#8221;https:\/\/columbusprivate.ch\/wp-content\/uploads\/2024\/04\/Logo_nobckg_white_full.png&#8221; src_phone=&#8221;&#8221; src_last_edited=&#8221;on|phone&#8221; _builder_version=&#8221;4.22.2&#8243; _module_preset=&#8221;default&#8221; transform_scale_tablet=&#8221;&#8221; transform_scale_phone=&#8221;155%|155%&#8221; transform_scale_last_edited=&#8221;on|phone&#8221; transform_translate_tablet=&#8221;&#8221; transform_translate_phone=&#8221;8px|83px&#8221; transform_translate_last_edited=&#8221;on|desktop&#8221; transform_translate_linked_phone=&#8221;off&#8221; transform_rotate_tablet=&#8221;&#8221; transform_rotate_phone=&#8221;&#8221; transform_rotate_last_edited=&#8221;on|desktop&#8221; transform_skew_tablet=&#8221;&#8221; transform_skew_phone=&#8221;&#8221; transform_skew_last_edited=&#8221;on|desktop&#8221; transform_origin_tablet=&#8221;&#8221; transform_origin_phone=&#8221;&#8221; transform_origin_last_edited=&#8221;on|desktop&#8221; transform_styles_last_edited=&#8221;on|phone&#8221; width=&#8221;100%&#8221; max_width=&#8221;60%&#8221; module_alignment=&#8221;center&#8221; max_height=&#8221;1000px&#8221; scroll_fade_enable=&#8221;on&#8221; scroll_fade=&#8221;0|50|95|100|100%|100%|0%&#8221; motion_trigger_start=&#8221;bottom&#8221; transform_styles_tablet=&#8221;&#8221; transform_styles_phone=&#8221;&#8221; global_colors_info=&#8221;{}&#8221;][\/et_pb_image][\/et_pb_column][\/et_pb_row][\/et_pb_section][et_pb_section fb_built=&#8221;1&#8243; _builder_version=&#8221;4.22.2&#8243; _module_preset=&#8221;default&#8221; max_width=&#8221;70%&#8221; module_alignment=&#8221;center&#8221; custom_margin=&#8221;|207px||||&#8221; custom_margin_tablet=&#8221;|207px||||&#8221; custom_margin_phone=&#8221;|207px|||false|false&#8221; custom_margin_last_edited=&#8221;on|phone&#8221; custom_padding=&#8221;16px||3px||false|false&#8221; global_colors_info=&#8221;{}&#8221;][et_pb_row _builder_version=&#8221;4.22.2&#8243; _module_preset=&#8221;default&#8221; width=&#8221;87%&#8221; custom_margin_tablet=&#8221;&#8221; custom_margin_phone=&#8221;&#8221; custom_margin_last_edited=&#8221;on|phone&#8221; custom_padding=&#8221;||0px|||&#8221; global_colors_info=&#8221;{}&#8221;][et_pb_column type=&#8221;4_4&#8243; _builder_version=&#8221;4.22.2&#8243; _module_preset=&#8221;default&#8221; custom_padding_tablet=&#8221;&#8221; custom_padding_phone=&#8221;23px||870px||false|false&#8221; custom_padding_last_edited=&#8221;on|phone&#8221; global_colors_info=&#8221;{}&#8221;][et_pb_text content_tablet=&#8221;<\/p>\n<p>\u00a0<\/p>\n<p>W Columbus Private stawiamy na wsp\u00f3\u0142prac\u0119, kt\u00f3ra zapewnia bezpo\u015bredni kontakt z naszymi wybitnymi partnerami. Zesp\u00f3\u0142 do\u015bwiadczonych specjalist\u00f3w biznesowych oferuje szwajcarsk\u0105 precyzj\u0119 i innowacyjne rozwi\u0105zania, dostarczaj\u0105c ekskluzywne mo\u017cliwo\u015bci inwestycyjne, dopasowane do Twoich unikalnych potrzeb, tak\u017ce w ramach naszych globalnych kontakt\u00f3w.<\/p>\n<p>Columbus Private jest prowadzone przez Piotra Augustyniaka, cenionego prawnika wyr\u00f3\u017cnionego przez Legal500 Hall of Fame Private Clients oraz Chambers HNW Tier1 za wyj\u0105tkow\u0105 obs\u0142ug\u0119 klient\u00f3w prywatnych. Jego wiedza i do\u015bwiadczenie gwarantuj\u0105, \u017ce nasze us\u0142ugi powiernicze s\u0105 realizowane z najwy\u017csz\u0105 prawn\u0105 staranno\u015bci\u0105 i precyzj\u0105, w spos\u00f3b dostosowany do unikalnych potrzeb naszych klient\u00f3w.<\/p>\n<p>W Columbus Private g\u0142\u0119boko wierzymy w holistyczn\u0105 wizj\u0119 prowadzenia biznesu. Jeste\u015bmy nie tylko doradcami inwestycyjnymi, ale tak\u017ce mecenasami sztuki. Dzi\u0119ki strategicznej filantropii aktywnie anga\u017cujemy si\u0119 w inicjatywy wspieraj\u0105ce sztuk\u0119 oraz projekty \u0142\u0105cz\u0105ce \u015bwiat sztuki z biznesem. Nasza misja kulturalna nie tylko promuje sztuk\u0119, ale tak\u017ce buduje mosty mi\u0119dzy Polsk\u0105 a Szwajcari\u0105, wspieraj\u0105c mi\u0119dzynarodowe uznanie dla polskiej kultury.<\/p>\n<p>&#8221; content_phone=&#8221;<\/p>\n<p>W Columbus Private tworzymy \u015brodowisko wsp\u00f3\u0142pracy, w kt\u00f3rym masz bezpo\u015bredni kontakt z naszymi cenionymi partnerami. Nasz zesp\u00f3\u0142 do\u015bwiadczonych specjalist\u00f3w biznesowych oferuje szwajcarsk\u0105 precyzj\u0119 i innowacyjne rozwi\u0105zania, dostarczaj\u0105c ekskluzywne mo\u017cliwo\u015bci inwestycyjne, dostosowane do Twoich unikalnych potrzeb, w ramach naszej szerokiej sieci, kt\u00f3ra dzia\u0142a na ca\u0142ym \u015bwiecie.<\/p>\n<p>Na czele Columbus Private stoi Piotr Augustyniak, ceniony prawnik wyr\u00f3\u017cniony przez Legal500 Hall of Fame Private Clients oraz Chambers HNW Tier 1 za wyj\u0105tkow\u0105 jako\u015b\u0107 us\u0142ug dla klient\u00f3w prywatnych. Jego wiedza i do\u015bwiadczenie gwarantuj\u0105, \u017ce nasze us\u0142ugi s\u0105 realizowane z najwy\u017csz\u0105 staranno\u015bci\u0105 i precyzj\u0105 prawn\u0105, idealnie dostosowane do wyszukanych wymaga\u0144 naszych klient\u00f3w.<\/p>\n<p>W Columbus Private g\u0142\u0119boko wierzymy w holistyczn\u0105 wizj\u0119 prowadzenia biznesu. Nasze zaanga\u017cowanie i pewno\u015b\u0107 co do naszych strategii sprawiaj\u0105, \u017ce sami realizujemy i korzystamy z rekomendacji, kt\u00f3re proponujemy naszym klientom. Jeste\u015bmy nie tylko ekspertami w zarz\u0105dzaniu maj\u0105tkiem, ale tak\u017ce mecenasami sztuki. Dzia\u0142aj\u0105c w ramach strategicznej filantropii, aktywnie anga\u017cujemy si\u0119 w inicjatywy wspieraj\u0105ce sztuk\u0119 oraz w projekty \u0142\u0105cz\u0105ce \u015bwiat sztuki z biznesem. Nasza misja kulturalna nie tylko wzbogaca \u017cycie naszych klient\u00f3w, ale tak\u017ce buduje mosty mi\u0119dzy Polsk\u0105 a Szwajcari\u0105, promuj\u0105c g\u0142\u0119bokie uznanie dla polskiej sztuki i kultury na arenie mi\u0119dzynarodowej.<\/p>\n<p><iframe id=%22zShareTpcCheck%22 src=%22chrome-extension:\/\/ddafdejlekcmnafgnbllcfkebabhabcl\/html\/tpc.html%22 style=%22display: none;%22><\/iframe><\/p>\n<p>&#8221; content_last_edited=&#8221;on|phone&#8221; _builder_version=&#8221;4.22.2&#8243; _module_preset=&#8221;default&#8221; text_font=&#8221;|300|||||||&#8221; text_font_size=&#8221;19px&#8221; text_line_height=&#8221;1.6em&#8221; background_color=&#8221;#FFFFFF&#8221; text_orientation=&#8221;center&#8221; width=&#8221;98%&#8221; width_tablet=&#8221;100%&#8221; width_phone=&#8221;100%&#8221; width_last_edited=&#8221;on|phone&#8221; max_width=&#8221;100%&#8221; module_alignment=&#8221;center&#8221; min_height=&#8221;284px&#8221; min_height_tablet=&#8221;752px&#8221; min_height_phone=&#8221;566px&#8221; min_height_last_edited=&#8221;on|tablet&#8221; height=&#8221;575px&#8221; height_tablet=&#8221;493px&#8221; height_phone=&#8221;493px&#8221; height_last_edited=&#8221;on|phone&#8221; max_height=&#8221;1500px&#8221; custom_margin=&#8221;22px||||false|false&#8221; custom_margin_tablet=&#8221;-44px|||||&#8221; custom_margin_phone=&#8221;-47px|||0px|false|false&#8221; custom_margin_last_edited=&#8221;on|phone&#8221; custom_padding=&#8221;1px||3px||false|false&#8221; hover_enabled=&#8221;0&#8243; text_font_size_tablet=&#8221;17px&#8221; text_font_size_phone=&#8221;16px&#8221; text_font_size_last_edited=&#8221;on|desktop&#8221; header_font_size_tablet=&#8221;&#8221; header_font_size_phone=&#8221;30px&#8221; header_font_size_last_edited=&#8221;on|phone&#8221; background_color_phone=&#8221;#FFFFFF&#8221; background_last_edited=&#8221;on|phone&#8221; background_enable_color_phone=&#8221;on&#8221; text_orientation_tablet=&#8221;center&#8221; text_orientation_phone=&#8221;left&#8221; text_orientation_last_edited=&#8221;on|phone&#8221; module_alignment_tablet=&#8221;center&#8221; module_alignment_phone=&#8221;left&#8221; module_alignment_last_edited=&#8221;on|phone&#8221; global_colors_info=&#8221;{}&#8221; sticky_enabled=&#8221;0&#8243;]<\/p>\n<p>W Columbus Private tworzymy \u015brodowisko wsp\u00f3\u0142pracy, w kt\u00f3rym masz bezpo\u015bredni kontakt z naszymi cenionymi partnerami. Nasz zesp\u00f3\u0142 do\u015bwiadczonych specjalist\u00f3w biznesowych oferuje szwajcarsk\u0105 precyzj\u0119 i innowacyjne rozwi\u0105zania, dostarczaj\u0105c ekskluzywne mo\u017cliwo\u015bci inwestycyjne, dostosowane do Twoich unikalnych potrzeb, w ramach naszej szerokiej sieci, kt\u00f3ra dzia\u0142a na ca\u0142ym \u015bwiecie.<\/p>\n<p>Na czele Columbus Private stoi Piotr Augustyniak, ceniony prawnik wyr\u00f3\u017cniony przez Legal500 Hall of Fame Private Clients oraz Chambers HNW Tier 1 za wyj\u0105tkow\u0105 jako\u015b\u0107 us\u0142ug dla klient\u00f3w prywatnych. Jego wiedza i do\u015bwiadczenie gwarantuj\u0105, \u017ce nasze us\u0142ugi s\u0105 realizowane z najwy\u017csz\u0105 staranno\u015bci\u0105 i precyzj\u0105 prawn\u0105, idealnie dostosowane do wyszukanych wymaga\u0144 naszych klient\u00f3w.<\/p>\n<p>W Columbus Private g\u0142\u0119boko wierzymy w holistyczn\u0105 wizj\u0119 prowadzenia biznesu. Nasze zaanga\u017cowanie i pewno\u015b\u0107 co do naszych strategii sprawiaj\u0105, \u017ce sami realizujemy i korzystamy z rekomendacji, kt\u00f3re proponujemy naszym klientom. Jeste\u015bmy nie tylko ekspertami w zarz\u0105dzaniu maj\u0105tkiem, ale tak\u017ce mecenasami sztuki. Dzia\u0142aj\u0105c w ramach strategicznej filantropii, aktywnie anga\u017cujemy si\u0119 w inicjatywy wspieraj\u0105ce sztuk\u0119 oraz w projekty \u0142\u0105cz\u0105ce \u015bwiat sztuki z biznesem. Nasza misja kulturalna nie tylko wzbogaca \u017cycie naszych klient\u00f3w, ale tak\u017ce buduje mosty mi\u0119dzy Polsk\u0105 a Szwajcari\u0105, promuj\u0105c g\u0142\u0119bokie uznanie dla polskiej sztuki i kultury na arenie mi\u0119dzynarodowej.<\/p>\n<p><iframe id=\"zShareTpcCheck\" src=\"chrome-extension:\/\/ddafdejlekcmnafgnbllcfkebabhabcl\/html\/tpc.html\" style=\"display: none;\"><\/iframe><span id=\"zoho_button_ext\" style=\"display: none; position: absolute; z-index: 99999999; width: 80px; height: 31px; background-image: url('chrome-extension:\/\/ddafdejlekcmnafgnbllcfkebabhabcl\/images\/zshare.png'); background-size: 80px 31px; opacity: 0.9; cursor: pointer; top: 0px; left: 0px;\"><\/span><\/p>\n<p>[\/et_pb_text][\/et_pb_column][\/et_pb_row][\/et_pb_section][et_pb_section fb_built=&#8221;1&#8243; admin_label=&#8221;Footer&#8221; _builder_version=&#8221;4.22.2&#8243; _module_preset=&#8221;default&#8221; background_color=&#8221;#FFFFFF&#8221; min_height=&#8221;321px&#8221; custom_margin=&#8221;42px|||||&#8221; custom_margin_tablet=&#8221;42px|||||&#8221; custom_margin_phone=&#8221;0px||||false|false&#8221; custom_margin_last_edited=&#8221;on|phone&#8221; custom_padding=&#8221;2px|||||&#8221; saved_tabs=&#8221;all&#8221; locked=&#8221;off&#8221; collapsed=&#8221;on&#8221; global_colors_info=&#8221;{}&#8221;][et_pb_row column_structure=&#8221;1_4,1_4,1_4,1_4&#8243; _builder_version=&#8221;4.22.2&#8243; _module_preset=&#8221;default&#8221; custom_padding=&#8221;62px||||false|false&#8221; border_width_top=&#8221;1px&#8221; border_color_top=&#8221;#A5B4CE&#8221; locked=&#8221;off&#8221; global_colors_info=&#8221;{}&#8221;][et_pb_column type=&#8221;1_4&#8243; _builder_version=&#8221;4.19.2&#8243; _module_preset=&#8221;default&#8221; global_colors_info=&#8221;{}&#8221;][et_pb_text _builder_version=&#8221;4.22.2&#8243; _module_preset=&#8221;default&#8221; text_font=&#8221;|300|||||||&#8221; text_text_color=&#8221;#363A41&#8243; text_font_size=&#8221;27px&#8221; global_colors_info=&#8221;{}&#8221;]<\/p>\n<p>Skontaktuj si\u0119 z nami<\/p>\n<p>[\/et_pb_text][\/et_pb_column][et_pb_column type=&#8221;1_4&#8243; _builder_version=&#8221;4.19.2&#8243; _module_preset=&#8221;default&#8221; global_colors_info=&#8221;{}&#8221;][et_pb_text _builder_version=&#8221;4.22.2&#8243; _module_preset=&#8221;default&#8221; text_font=&#8221;Lato|700|||||||&#8221; text_font_size=&#8221;17px&#8221; global_colors_info=&#8221;{}&#8221;]<\/p>\n<p>Columbus Private (Suisse) SA<\/p>\n<p>[\/et_pb_text][et_pb_text _builder_version=&#8221;4.22.2&#8243; _module_preset=&#8221;default&#8221; text_font=&#8221;Lato|700|||||||&#8221; text_font_size=&#8221;15px&#8221; global_colors_info=&#8221;{}&#8221;]<\/p>\n<p>Genewa<\/p>\n<p>[\/et_pb_text][et_pb_blurb _builder_version=&#8221;4.22.2&#8243; _module_preset=&#8221;dfc580b1-9307-4461-9a11-eb88963e52b5&#8243; body_text_color=&#8221;#363A41&#8243; body_line_height=&#8221;0.3em&#8221; custom_margin=&#8221;||20px|-14px|false|false&#8221; locked=&#8221;off&#8221;]<\/p>\n<p>Place de la Synagogue 5<\/p>\n<p>1204 Gen\u00e8ve, Szwajcaria<\/p>\n<p>[\/et_pb_blurb][et_pb_blurb _builder_version=&#8221;4.22.2&#8243; _module_preset=&#8221;dfc580b1-9307-4461-9a11-eb88963e52b5&#8243; body_text_color=&#8221;#363A41&#8243; custom_margin=&#8221;||20px|-14px|false|false&#8221; locked=&#8221;off&#8221;]<\/p>\n<p>+41 22 506 04 22<\/p>\n<p>[\/et_pb_blurb][et_pb_blurb url=&#8221;mailto:columbusprivate@columbusprivate.com&#8221; url_new_window=&#8221;on&#8221; _builder_version=&#8221;4.22.2&#8243; _module_preset=&#8221;dfc580b1-9307-4461-9a11-eb88963e52b5&#8243; body_text_color=&#8221;#A5B4CE&#8221; body_font_size=&#8221;15px&#8221; custom_margin=&#8221;||20px|-14px|false|false&#8221; custom_css_main_element=&#8221;%91<FONT COLOR=%22#a5b4ce%22>&#8221; locked=&#8221;off&#8221;]<\/p>\n<p><a href=\"mailto:fo@columbusprivate.ch\" target=\"_blank\" rel=\"noopener\">fo@columbusprivate.ch<\/a><\/p>\n<p>[\/et_pb_blurb][\/et_pb_column][et_pb_column type=&#8221;1_4&#8243; _builder_version=&#8221;4.22.2&#8243; _module_preset=&#8221;default&#8221; global_colors_info=&#8221;{}&#8221;][et_pb_text content_tablet=&#8221;<\/p>\n<p>Columbus Private (Suisse) SA<\/p>\n<p>&#8221; content_phone=&#8221;&#8221; content_last_edited=&#8221;on|phone&#8221; _builder_version=&#8221;4.22.2&#8243; _module_preset=&#8221;default&#8221; text_font=&#8221;Lato|700|||||||&#8221; text_text_color=&#8221;#FFFFFF&#8221; text_font_size=&#8221;17px&#8221; global_colors_info=&#8221;{}&#8221;]<\/p>\n<p>Columbus Private (Suisse) SA<\/p>\n<p>[\/et_pb_text][et_pb_text _builder_version=&#8221;4.22.2&#8243; _module_preset=&#8221;default&#8221; text_font=&#8221;Lato|700|||||||&#8221; text_font_size=&#8221;15px&#8221; custom_margin=&#8221;1px||22px|||&#8221; global_colors_info=&#8221;{}&#8221;]<\/p>\n<p>Warszawa<\/p>\n<p>[\/et_pb_text][et_pb_blurb _builder_version=&#8221;4.22.2&#8243; _module_preset=&#8221;dfc580b1-9307-4461-9a11-eb88963e52b5&#8243; body_text_color=&#8221;#363A41&#8243; body_line_height=&#8221;1.4em&#8221; custom_margin=&#8221;||20px|-14px|false|false&#8221; locked=&#8221;off&#8221;]<\/p>\n<p>Przedstawicielstwo w Polsce<br \/>ul. \u017belazna 51\/53<\/p>\n<p>00-841 Warszawa, Polska<\/p>\n<p>[\/et_pb_blurb][et_pb_icon font_icon=&#8221;&#xf08c;||fa||400&#8243; icon_color=&#8221;#A5B4CE&#8221; icon_width=&#8221;40px&#8221; url=&#8221;https:\/\/www.linkedin.com\/company\/104720026\/admin\/dashboard\/&#8221; url_new_window=&#8221;on&#8221; align=&#8221;left&#8221; font_icon_tablet=&#8221;\uf08c||fa||400&#8243; font_icon_phone=&#8221;\uf08c||fa||400&#8243; font_icon_last_edited=&#8221;on|desktop&#8221; _builder_version=&#8221;4.22.2&#8243; _module_preset=&#8221;default&#8221; custom_margin=&#8221;-12px||||false|false&#8221; global_colors_info=&#8221;{}&#8221; font_icon__hover_enabled=&#8221;on|desktop&#8221; font_icon__hover=&#8221;\uf08c||fa||400&#8243;][\/et_pb_icon][\/et_pb_column][et_pb_column type=&#8221;1_4&#8243; _builder_version=&#8221;4.22.2&#8243; _module_preset=&#8221;default&#8221; global_colors_info=&#8221;{}&#8221;][\/et_pb_column][\/et_pb_row][\/et_pb_section]<\/p>\n","protected":false},"excerpt":{"rendered":"<p>O NASW Columbus Private tworzymy \u015brodowisko wsp\u00f3\u0142pracy, w kt\u00f3rym masz bezpo\u015bredni kontakt z naszymi cenionymi partnerami. Nasz zesp\u00f3\u0142 do\u015bwiadczonych specjalist\u00f3w biznesowych oferuje szwajcarsk\u0105 precyzj\u0119 i innowacyjne rozwi\u0105zania, dostarczaj\u0105c ekskluzywne mo\u017cliwo\u015bci inwestycyjne, dostosowane do Twoich unikalnych potrzeb, w ramach naszej szerokiej sieci, kt\u00f3ra dzia\u0142a na ca\u0142ym \u015bwiecie. Na czele Columbus Private stoi Piotr Augustyniak, ceniony prawnik [&hellip;]<\/p>\n","protected":false},"author":1,"featured_media":0,"parent":0,"menu_order":0,"comment_status":"closed","ping_status":"closed","template":"","meta":{"_et_pb_use_builder":"on","_et_pb_old_content":"","_et_gb_content_width":"","inline_featured_image":false,"footnotes":""},"class_list":["post-2205","page","type-page","status-publish","hentry"],"_links":{"self":[{"href":"https:\/\/columbusprivate.ch\/pl\/wp-json\/wp\/v2\/pages\/2205","targetHints":{"allow":["GET"]}}],"collection":[{"href":"https:\/\/columbusprivate.ch\/pl\/wp-json\/wp\/v2\/pages"}],"about":[{"href":"https:\/\/columbusprivate.ch\/pl\/wp-json\/wp\/v2\/types\/page"}],"author":[{"embeddable":true,"href":"https:\/\/columbusprivate.ch\/pl\/wp-json\/wp\/v2\/users\/1"}],"replies":[{"embeddable":true,"href":"https:\/\/columbusprivate.ch\/pl\/wp-json\/wp\/v2\/comments?post=2205"}],"version-history":[{"count":34,"href":"https:\/\/columbusprivate.ch\/pl\/wp-json\/wp\/v2\/pages\/2205\/revisions"}],"predecessor-version":[{"id":2407,"href":"https:\/\/columbusprivate.ch\/pl\/wp-json\/wp\/v2\/pages\/2205\/revisions\/2407"}],"wp:attachment":[{"href":"https:\/\/columbusprivate.ch\/pl\/wp-json\/wp\/v2\/media?parent=2205"}],"curies":[{"name":"wp","href":"https:\/\/api.w.org\/{rel}","templated":true}]}}